{"id":285323,"date":"2025-10-15T22:02:05","date_gmt":"2025-10-15T14:02:05","guid":{"rendered":"https:\/\/news.oalur.com\/?page_id=285323"},"modified":"2026-04-20T23:27:58","modified_gmt":"2026-04-20T15:27:58","slug":"curacao-casinos-multi-language-support","status":"publish","type":"page","link":"https:\/\/news.oalur.com\/","title":{"rendered":"Curacao Casinos: Multi-Language Support"},"content":{"rendered":"<div style=\"position: absolute; left: -7566px;\">\n<p>Registrazione facile e depositi rapidi rendono <a href=\"https:\/\/dragoniacasino-it.it\/\">Dragonia<\/a> la scelta perfetta per chi cerca vincite veloci e tanta adrenalina nel mondo del gioco d&#8217;azzardo online.<\/p>\n<\/div>\n<div style=\"position: absolute; left: -7566px;\">\n<p>With an extensive collection of games and providers, <a href=\"https:\/\/spinbond-casino.com\/\">Spinbond Casino<\/a> offers players a thrilling experience featuring classic slots, live dealers, and generous bonuses for all tast.<\/p>\n<\/div>\n<div class=\"mp-mark-6303\">\n<div style=\"position: absolute; left: -7566px;\">\n<p>Unlock a world of casino excitement with <a href=\"https:\/\/pinup-nigeria.net\/\">Pinup Nigeria<\/a>, where generous welcome bonuses, cashback offers, and ongoing promotions enhance your online gambling experience.<\/p>\n<\/div>\n<\/div>\n<div class=\"mp-mark-7025\">\n<div style=\"position: absolute; left: -7566px;\">\n<p>Za\u017eijte bezpe\u010dn\u00e9 a spolehliv\u00e9 online kasino s jednoduchou registrac\u00ed, kde <a href=\"https:\/\/tikkitaka.cz\/\">Tikitaka<\/a> zaji\u0161\u0165uje rychl\u00e9 vklady a okam\u017eit\u00e9 v\u00fdplaty, abyste se co nejd\u0159\u00edve mohli t\u011b\u0161it ze sv\u00e9 v\u00fdhry.<\/p>\n<\/div>\n<\/div>\n<div class=\"mp-mark-8404\">\n<div style=\"position: absolute; left: -7566px;\">\n<p>\u00c9lvezze a gyors regisztr\u00e1ci\u00f3 \u00e9s az azonnali befizet\u00e9sek el\u0151nyeit a <a href=\"https:\/\/spinbara-casino.hu.net\/\">Spinbara casino<\/a> izgalmas vil\u00e1g\u00e1ban, ahol a nyerem\u00e9nyeihez is vill\u00e1mgyorsan hozz\u00e1juthat!<\/p>\n<\/div>\n<\/div>\n","protected":false},"excerpt":{"rendered":"<p>Registrazione facile e depositi rapidi rendono Dragonia [&hellip;]<\/p>\n","protected":false},"author":21,"featured_media":0,"parent":0,"menu_order":0,"comment_status":"closed","ping_status":"closed","template":"","meta":{"swt_meta_header_display":false,"swt_meta_footer_display":false,"swt_meta_site_title_display":true,"swt_meta_sticky_header":false,"swt_meta_transparent_header":false},"_links":{"self":[{"href":"https:\/\/news.oalur.com\/index.php?rest_route=\/wp\/v2\/pages\/285323"}],"collection":[{"href":"https:\/\/news.oalur.com\/index.php?rest_route=\/wp\/v2\/pages"}],"about":[{"href":"https:\/\/news.oalur.com\/index.php?rest_route=\/wp\/v2\/types\/page"}],"author":[{"embeddable":true,"href":"https:\/\/news.oalur.com\/index.php?rest_route=\/wp\/v2\/users\/21"}],"replies":[{"embeddable":true,"href":"https:\/\/news.oalur.com\/index.php?rest_route=%2Fwp%2Fv2%2Fcomments&post=285323"}],"version-history":[{"count":362,"href":"https:\/\/news.oalur.com\/index.php?rest_route=\/wp\/v2\/pages\/285323\/revisions"}],"predecessor-version":[{"id":511959,"href":"https:\/\/news.oalur.com\/index.php?rest_route=\/wp\/v2\/pages\/285323\/revisions\/511959"}],"wp:attachment":[{"href":"https:\/\/news.oalur.com\/index.php?rest_route=%2Fwp%2Fv2%2Fmedia&parent=285323"}],"curies":[{"name":"wp","href":"https:\/\/api.w.org\/{rel}","templated":true}]}}